{"id":3446,"date":"2025-12-12T11:07:41","date_gmt":"2025-12-12T11:07:41","guid":{"rendered":"https:\/\/tour2turkey.com\/about\/"},"modified":"2026-04-05T05:12:53","modified_gmt":"2026-04-05T05:12:53","slug":"hakkimizda","status":"publish","type":"page","link":"https:\/\/tour2turkey.com\/tr\/hakkimizda\/","title":{"rendered":"Hakk\u0131m\u0131zda"},"content":{"rendered":"<h3 data-start=\"0\" data-end=\"19\">Alanya&#8217;da geziler<\/h3>\n<div class=\"flex flex-col text-sm pb-25\">\n<section class=\"text-token-text-primary w-full focus:outline-none [--shadow-height:45px] has-data-writing-block:pointer-events-none has-data-writing-block:-mt-(--shadow-height) has-data-writing-block:pt-(--shadow-height) [&amp;:has([data-writing-block])&gt;*]:pointer-events-auto scroll-mt-[calc(var(--header-height)+min(200px,max(70px,20svh)))]\" dir=\"auto\" data-turn-id=\"request-WEB:bcee4e1a-23e4-4b7e-8bc2-232245e5d685-0\" data-testid=\"conversation-turn-2\" data-scroll-anchor=\"true\" data-turn=\"assistant\">\n<div class=\"text-base my-auto mx-auto pb-10 [--thread-content-margin:var(--thread-content-margin-xs,calc(var(--spacing)*4))] @w-sm\/main:[--thread-content-margin:var(--thread-content-margin-sm,calc(var(--spacing)*6))] @w-lg\/main:[--thread-content-margin:var(--thread-content-margin-lg,calc(var(--spacing)*16))] px-(--thread-content-margin)\">\n<div class=\"[--thread-content-max-width:40rem] @w-lg\/main:[--thread-content-max-width:48rem] mx-auto max-w-(--thread-content-max-width) flex-1 group\/turn-messages focus-visible:outline-hidden relative flex w-full min-w-0 flex-col agent-turn\">\n<div class=\"flex max-w-full flex-col gap-4 grow\">\n<div class=\"min-h-8 text-message relative flex w-full flex-col items-end gap-2 text-start break-words whitespace-normal outline-none keyboard-focused:focus-ring [.text-message+&amp;]:mt-1\" dir=\"auto\" tabindex=\"0\" data-message-author-role=\"assistant\" data-message-id=\"737ca87c-e769-4345-af93-350f835cb2d2\" data-message-model-slug=\"gpt-5-3\" data-turn-start-message=\"true\">\n<div class=\"flex w-full flex-col gap-1 empty:hidden\">\n<div class=\"markdown prose dark:prose-invert w-full wrap-break-word light markdown-new-styling\">\n<p data-start=\"21\" data-end=\"233\">Say\u0131n misafirler! Sizleri, T\u00fcrkiye Turizm Bakanl\u0131\u011f\u0131 taraf\u0131ndan verilen 18277 numaral\u0131 lisans ile Alanya\u2019da d\u00fczenledi\u011fimiz gezilere davet ediyoruz. Ayr\u0131ca Alliance Insurance sigorta \u015firketinin resmi partneriyiz.<\/p>\n<p data-start=\"235\" data-end=\"420\">Ek turistik hizmetler<br data-start=\"256\" data-end=\"259\" \/>Gezi programlar\u0131n\u0131n yan\u0131 s\u0131ra, Alanya Tours g\u00fcvenli havaalan\u0131 transferleri, yat kiralama ve Alanya ile \u00e7evresinde \u00f6zel turlar\u0131n organizasyonunu da sunmaktad\u0131r.<\/p>\n<p data-start=\"422\" data-end=\"641\" data-is-last-node=\"\" data-is-only-node=\"\">Bizimle tatilin tad\u0131n\u0131 \u00e7\u0131kar\u0131n<br data-start=\"452\" data-end=\"455\" \/>Alanya\u2019da geziler i\u00e7in g\u00fcvenilir bir \u015firket mi ar\u0131yorsunuz? Do\u011fru yerdesiniz! Web sitemizi inceleyin ve size en uygun se\u00e7ene\u011fi se\u00e7in. Daha fazla bilgi almak i\u00e7in bizimle ileti\u015fime ge\u00e7in.<\/p>\n<\/div>\n<\/div>\n<\/div>\n<\/div>\n<\/div>\n<\/div>\n<\/section>\n<\/div>\n","protected":false},"excerpt":{"rendered":"<p>Alanya&#8217;da geziler Say\u0131n misafirler! Sizleri, T\u00fcrkiye Turizm Bakanl\u0131\u011f\u0131 taraf\u0131ndan verilen 18277 numaral\u0131 lisans ile Alanya\u2019da d\u00fczenledi\u011fimiz gezilere davet ediyoruz. Ayr\u0131ca Alliance Insurance sigorta \u015firketinin resmi partneriyiz. Ek turistik hizmetlerGezi programlar\u0131n\u0131n yan\u0131 s\u0131ra, Alanya Tours g\u00fcvenli havaalan\u0131 transferleri, yat kiralama ve Alanya ile \u00e7evresinde \u00f6zel turlar\u0131n organizasyonunu da sunmaktad\u0131r. Bizimle tatilin tad\u0131n\u0131 \u00e7\u0131kar\u0131nAlanya\u2019da geziler i\u00e7in g\u00fcvenilir [&hellip;]<\/p>\n","protected":false},"author":3,"featured_media":0,"parent":0,"menu_order":0,"comment_status":"closed","ping_status":"closed","template":"page-about.php","meta":{"_acf_changed":false,"footnotes":""},"class_list":["post-3446","page","type-page","status-publish","hentry"],"acf":[],"yoast_head":"<!-- This site is optimized with the Yoast SEO plugin v27.5 - https:\/\/yoast.com\/product\/yoast-seo-wordpress\/ -->\n<title>Hakk\u0131m\u0131zda \u2014 Alanya Turlar\u0131 ve G\u00fcvenilir Tur \u015eirketi<\/title>\n<meta name=\"description\" content=\"Alanya turlar\u0131 i\u00e7in g\u00fcvenilir tur \u015firketi. Lisansl\u0131 acente, sigortal\u0131 hizmetler ve en iyi geziler. Detaylar\u0131 \u00f6\u011frenin ve bizimle ileti\u015fime ge\u00e7in!\" \/>\n<meta name=\"robots\" content=\"index, follow, max-snippet:-1, max-image-preview:large, max-video-preview:-1\" \/>\n<link rel=\"canonical\" href=\"https:\/\/tour2turkey.com\/tr\/hakkimizda\/\" \/>\n<meta property=\"og:locale\" content=\"tr_TR\" \/>\n<meta property=\"og:type\" content=\"article\" \/>\n<meta property=\"og:title\" content=\"Hakk\u0131m\u0131zda \u2014 Alanya Turlar\u0131 ve G\u00fcvenilir Tur \u015eirketi\" \/>\n<meta property=\"og:description\" content=\"Alanya turlar\u0131 i\u00e7in g\u00fcvenilir tur \u015firketi. Lisansl\u0131 acente, sigortal\u0131 hizmetler ve en iyi geziler. Detaylar\u0131 \u00f6\u011frenin ve bizimle ileti\u015fime ge\u00e7in!\" \/>\n<meta property=\"og:url\" content=\"https:\/\/tour2turkey.com\/tr\/hakkimizda\/\" \/>\n<meta property=\"og:site_name\" content=\"tour2turkey.com\" \/>\n<meta property=\"article:publisher\" content=\"https:\/\/www.facebook.com\/profile.php?id=100087532633860\" \/>\n<meta property=\"article:modified_time\" content=\"2026-04-05T05:12:53+00:00\" \/>\n<meta name=\"twitter:card\" content=\"summary_large_image\" \/>\n<meta name=\"twitter:site\" content=\"@tour_2turkey\" \/>\n<meta name=\"twitter:label1\" content=\"Tahmini okuma s\u00fcresi\" \/>\n\t<meta name=\"twitter:data1\" content=\"1 dakika\" \/>\n<script type=\"application\/ld+json\" class=\"yoast-schema-graph\">{\"@context\":\"https:\\\/\\\/schema.org\",\"@graph\":[{\"@type\":\"WebPage\",\"@id\":\"https:\\\/\\\/tour2turkey.com\\\/tr\\\/hakkimizda\\\/\",\"url\":\"https:\\\/\\\/tour2turkey.com\\\/tr\\\/hakkimizda\\\/\",\"name\":\"Hakk\u0131m\u0131zda \u2014 Alanya Turlar\u0131 ve G\u00fcvenilir Tur \u015eirketi\",\"isPartOf\":{\"@id\":\"https:\\\/\\\/tour2turkey.com\\\/#website\"},\"datePublished\":\"2025-12-12T11:07:41+00:00\",\"dateModified\":\"2026-04-05T05:12:53+00:00\",\"description\":\"Alanya turlar\u0131 i\u00e7in g\u00fcvenilir tur \u015firketi. Lisansl\u0131 acente, sigortal\u0131 hizmetler ve en iyi geziler. Detaylar\u0131 \u00f6\u011frenin ve bizimle ileti\u015fime ge\u00e7in!\",\"breadcrumb\":{\"@id\":\"https:\\\/\\\/tour2turkey.com\\\/tr\\\/hakkimizda\\\/#breadcrumb\"},\"inLanguage\":\"tr\",\"potentialAction\":[{\"@type\":\"ReadAction\",\"target\":[\"https:\\\/\\\/tour2turkey.com\\\/tr\\\/hakkimizda\\\/\"]}]},{\"@type\":\"BreadcrumbList\",\"@id\":\"https:\\\/\\\/tour2turkey.com\\\/tr\\\/hakkimizda\\\/#breadcrumb\",\"itemListElement\":[{\"@type\":\"ListItem\",\"position\":1,\"name\":\"Ana sayfa\",\"item\":\"https:\\\/\\\/tour2turkey.com\\\/tr\\\/\"},{\"@type\":\"ListItem\",\"position\":2,\"name\":\"Hakk\u0131m\u0131zda\"}]},{\"@type\":\"WebSite\",\"@id\":\"https:\\\/\\\/tour2turkey.com\\\/#website\",\"url\":\"https:\\\/\\\/tour2turkey.com\\\/\",\"name\":\"tour2turkey.com - \u0433\u0438\u0434 \u0432 \u043c\u043e\u0440\u0435 \u043f\u0440\u0438\u043a\u043b\u044e\u0447\u0435\u043d\u0438\u0439\",\"description\":\"Gezler\",\"publisher\":{\"@id\":\"https:\\\/\\\/tour2turkey.com\\\/#organization\"},\"potentialAction\":[{\"@type\":\"SearchAction\",\"target\":{\"@type\":\"EntryPoint\",\"urlTemplate\":\"https:\\\/\\\/tour2turkey.com\\\/?s={search_term_string}\"},\"query-input\":{\"@type\":\"PropertyValueSpecification\",\"valueRequired\":true,\"valueName\":\"search_term_string\"}}],\"inLanguage\":\"tr\"},{\"@type\":\"Organization\",\"@id\":\"https:\\\/\\\/tour2turkey.com\\\/#organization\",\"name\":\"tour2turkey.com\",\"url\":\"https:\\\/\\\/tour2turkey.com\\\/\",\"logo\":{\"@type\":\"ImageObject\",\"inLanguage\":\"tr\",\"@id\":\"https:\\\/\\\/tour2turkey.com\\\/#\\\/schema\\\/logo\\\/image\\\/\",\"url\":\"https:\\\/\\\/tour2turkey.com\\\/wp-content\\\/uploads\\\/2026\\\/02\\\/logosmall.png\",\"contentUrl\":\"https:\\\/\\\/tour2turkey.com\\\/wp-content\\\/uploads\\\/2026\\\/02\\\/logosmall.png\",\"width\":174,\"height\":157,\"caption\":\"tour2turkey.com\"},\"image\":{\"@id\":\"https:\\\/\\\/tour2turkey.com\\\/#\\\/schema\\\/logo\\\/image\\\/\"},\"sameAs\":[\"https:\\\/\\\/www.facebook.com\\\/profile.php?id=100087532633860\",\"https:\\\/\\\/x.com\\\/tour_2turkey\",\"https:\\\/\\\/www.instagram.com\\\/tour_2turkey\\\/\",\"https:\\\/\\\/vk.com\\\/fidelisru\",\"https:\\\/\\\/www.tiktok.com\\\/@tour_2turkey\",\"https:\\\/\\\/www.linkedin.com\\\/feed\\\/\",\"https:\\\/\\\/www.youtube.com\\\/@tour2turkey\",\"https:\\\/\\\/tr.pinterest.com\\\/tour2turkiye\\\/\"]}]}<\/script>\n<!-- \/ Yoast SEO plugin. -->","yoast_head_json":{"title":"Hakk\u0131m\u0131zda \u2014 Alanya Turlar\u0131 ve G\u00fcvenilir Tur \u015eirketi","description":"Alanya turlar\u0131 i\u00e7in g\u00fcvenilir tur \u015firketi. Lisansl\u0131 acente, sigortal\u0131 hizmetler ve en iyi geziler. Detaylar\u0131 \u00f6\u011frenin ve bizimle ileti\u015fime ge\u00e7in!","robots":{"index":"index","follow":"follow","max-snippet":"max-snippet:-1","max-image-preview":"max-image-preview:large","max-video-preview":"max-video-preview:-1"},"canonical":"https:\/\/tour2turkey.com\/tr\/hakkimizda\/","og_locale":"tr_TR","og_type":"article","og_title":"Hakk\u0131m\u0131zda \u2014 Alanya Turlar\u0131 ve G\u00fcvenilir Tur \u015eirketi","og_description":"Alanya turlar\u0131 i\u00e7in g\u00fcvenilir tur \u015firketi. Lisansl\u0131 acente, sigortal\u0131 hizmetler ve en iyi geziler. Detaylar\u0131 \u00f6\u011frenin ve bizimle ileti\u015fime ge\u00e7in!","og_url":"https:\/\/tour2turkey.com\/tr\/hakkimizda\/","og_site_name":"tour2turkey.com","article_publisher":"https:\/\/www.facebook.com\/profile.php?id=100087532633860","article_modified_time":"2026-04-05T05:12:53+00:00","twitter_card":"summary_large_image","twitter_site":"@tour_2turkey","twitter_misc":{"Tahmini okuma s\u00fcresi":"1 dakika"},"schema":{"@context":"https:\/\/schema.org","@graph":[{"@type":"WebPage","@id":"https:\/\/tour2turkey.com\/tr\/hakkimizda\/","url":"https:\/\/tour2turkey.com\/tr\/hakkimizda\/","name":"Hakk\u0131m\u0131zda \u2014 Alanya Turlar\u0131 ve G\u00fcvenilir Tur \u015eirketi","isPartOf":{"@id":"https:\/\/tour2turkey.com\/#website"},"datePublished":"2025-12-12T11:07:41+00:00","dateModified":"2026-04-05T05:12:53+00:00","description":"Alanya turlar\u0131 i\u00e7in g\u00fcvenilir tur \u015firketi. Lisansl\u0131 acente, sigortal\u0131 hizmetler ve en iyi geziler. Detaylar\u0131 \u00f6\u011frenin ve bizimle ileti\u015fime ge\u00e7in!","breadcrumb":{"@id":"https:\/\/tour2turkey.com\/tr\/hakkimizda\/#breadcrumb"},"inLanguage":"tr","potentialAction":[{"@type":"ReadAction","target":["https:\/\/tour2turkey.com\/tr\/hakkimizda\/"]}]},{"@type":"BreadcrumbList","@id":"https:\/\/tour2turkey.com\/tr\/hakkimizda\/#breadcrumb","itemListElement":[{"@type":"ListItem","position":1,"name":"Ana sayfa","item":"https:\/\/tour2turkey.com\/tr\/"},{"@type":"ListItem","position":2,"name":"Hakk\u0131m\u0131zda"}]},{"@type":"WebSite","@id":"https:\/\/tour2turkey.com\/#website","url":"https:\/\/tour2turkey.com\/","name":"tour2turkey.com - \u0433\u0438\u0434 \u0432 \u043c\u043e\u0440\u0435 \u043f\u0440\u0438\u043a\u043b\u044e\u0447\u0435\u043d\u0438\u0439","description":"Gezler","publisher":{"@id":"https:\/\/tour2turkey.com\/#organization"},"potentialAction":[{"@type":"SearchAction","target":{"@type":"EntryPoint","urlTemplate":"https:\/\/tour2turkey.com\/?s={search_term_string}"},"query-input":{"@type":"PropertyValueSpecification","valueRequired":true,"valueName":"search_term_string"}}],"inLanguage":"tr"},{"@type":"Organization","@id":"https:\/\/tour2turkey.com\/#organization","name":"tour2turkey.com","url":"https:\/\/tour2turkey.com\/","logo":{"@type":"ImageObject","inLanguage":"tr","@id":"https:\/\/tour2turkey.com\/#\/schema\/logo\/image\/","url":"https:\/\/tour2turkey.com\/wp-content\/uploads\/2026\/02\/logosmall.png","contentUrl":"https:\/\/tour2turkey.com\/wp-content\/uploads\/2026\/02\/logosmall.png","width":174,"height":157,"caption":"tour2turkey.com"},"image":{"@id":"https:\/\/tour2turkey.com\/#\/schema\/logo\/image\/"},"sameAs":["https:\/\/www.facebook.com\/profile.php?id=100087532633860","https:\/\/x.com\/tour_2turkey","https:\/\/www.instagram.com\/tour_2turkey\/","https:\/\/vk.com\/fidelisru","https:\/\/www.tiktok.com\/@tour_2turkey","https:\/\/www.linkedin.com\/feed\/","https:\/\/www.youtube.com\/@tour2turkey","https:\/\/tr.pinterest.com\/tour2turkiye\/"]}]}},"_links":{"self":[{"href":"https:\/\/tour2turkey.com\/tr\/wp-json\/wp\/v2\/pages\/3446","targetHints":{"allow":["GET"]}}],"collection":[{"href":"https:\/\/tour2turkey.com\/tr\/wp-json\/wp\/v2\/pages"}],"about":[{"href":"https:\/\/tour2turkey.com\/tr\/wp-json\/wp\/v2\/types\/page"}],"author":[{"embeddable":true,"href":"https:\/\/tour2turkey.com\/tr\/wp-json\/wp\/v2\/users\/3"}],"replies":[{"embeddable":true,"href":"https:\/\/tour2turkey.com\/tr\/wp-json\/wp\/v2\/comments?post=3446"}],"version-history":[{"count":2,"href":"https:\/\/tour2turkey.com\/tr\/wp-json\/wp\/v2\/pages\/3446\/revisions"}],"predecessor-version":[{"id":4722,"href":"https:\/\/tour2turkey.com\/tr\/wp-json\/wp\/v2\/pages\/3446\/revisions\/4722"}],"wp:attachment":[{"href":"https:\/\/tour2turkey.com\/tr\/wp-json\/wp\/v2\/media?parent=3446"}],"curies":[{"name":"wp","href":"https:\/\/api.w.org\/{rel}","templated":true}]}}