{"id":3457,"date":"2025-12-12T11:09:03","date_gmt":"2025-12-12T11:09:03","guid":{"rendered":"https:\/\/tour2turkey.com\/services\/"},"modified":"2026-04-03T16:05:28","modified_gmt":"2026-04-03T16:05:28","slug":"swiadczenie","status":"publish","type":"page","link":"https:\/\/tour2turkey.com\/pl\/swiadczenie\/","title":{"rendered":"\u015awiadczenie"},"content":{"rendered":"","protected":false},"excerpt":{"rendered":"","protected":false},"author":3,"featured_media":0,"parent":0,"menu_order":0,"comment_status":"closed","ping_status":"closed","template":"page-service.php","meta":{"_acf_changed":false,"footnotes":""},"class_list":["post-3457","page","type-page","status-publish","hentry"],"acf":[],"yoast_head":"<!-- This site is optimized with the Yoast SEO plugin v27.5 - https:\/\/yoast.com\/product\/yoast-seo-wordpress\/ -->\n<title>Us\u0142ugi turystyczne w Alanyi \u2013 Wycieczki i transfery | Tour2Turkey<\/title>\n<meta name=\"description\" content=\"Sprawd\u017a nasze us\u0142ugi turystyczne w Alanyi: wycieczki, transfery, wynajem samochod\u00f3w oraz indywidualne wyprawy. Komfort i bezpiecze\u0144stwo z Tour2Turkey.\" \/>\n<meta name=\"robots\" content=\"index, follow, max-snippet:-1, max-image-preview:large, max-video-preview:-1\" \/>\n<link rel=\"canonical\" href=\"https:\/\/tour2turkey.com\/pl\/swiadczenie\/\" \/>\n<meta property=\"og:locale\" content=\"pl_PL\" \/>\n<meta property=\"og:type\" content=\"article\" \/>\n<meta property=\"og:title\" content=\"Us\u0142ugi turystyczne w Alanyi \u2013 Wycieczki i transfery | Tour2Turkey\" \/>\n<meta property=\"og:description\" content=\"Sprawd\u017a nasze us\u0142ugi turystyczne w Alanyi: wycieczki, transfery, wynajem samochod\u00f3w oraz indywidualne wyprawy. Komfort i bezpiecze\u0144stwo z Tour2Turkey.\" \/>\n<meta property=\"og:url\" content=\"https:\/\/tour2turkey.com\/pl\/swiadczenie\/\" \/>\n<meta property=\"og:site_name\" content=\"tour2turkey.com\" \/>\n<meta property=\"article:publisher\" content=\"https:\/\/www.facebook.com\/profile.php?id=100087532633860\" \/>\n<meta property=\"article:modified_time\" content=\"2026-04-03T16:05:28+00:00\" \/>\n<meta name=\"twitter:card\" content=\"summary_large_image\" \/>\n<meta name=\"twitter:site\" content=\"@tour_2turkey\" \/>\n<script type=\"application\/ld+json\" class=\"yoast-schema-graph\">{\"@context\":\"https:\\\/\\\/schema.org\",\"@graph\":[{\"@type\":\"WebPage\",\"@id\":\"https:\\\/\\\/tour2turkey.com\\\/pl\\\/swiadczenie\\\/\",\"url\":\"https:\\\/\\\/tour2turkey.com\\\/pl\\\/swiadczenie\\\/\",\"name\":\"Us\u0142ugi turystyczne w Alanyi \u2013 Wycieczki i transfery | Tour2Turkey\",\"isPartOf\":{\"@id\":\"https:\\\/\\\/tour2turkey.com\\\/#website\"},\"datePublished\":\"2025-12-12T11:09:03+00:00\",\"dateModified\":\"2026-04-03T16:05:28+00:00\",\"description\":\"Sprawd\u017a nasze us\u0142ugi turystyczne w Alanyi: wycieczki, transfery, wynajem samochod\u00f3w oraz indywidualne wyprawy. Komfort i bezpiecze\u0144stwo z Tour2Turkey.\",\"breadcrumb\":{\"@id\":\"https:\\\/\\\/tour2turkey.com\\\/pl\\\/swiadczenie\\\/#breadcrumb\"},\"inLanguage\":\"pl-PL\",\"potentialAction\":[{\"@type\":\"ReadAction\",\"target\":[\"https:\\\/\\\/tour2turkey.com\\\/pl\\\/swiadczenie\\\/\"]}]},{\"@type\":\"BreadcrumbList\",\"@id\":\"https:\\\/\\\/tour2turkey.com\\\/pl\\\/swiadczenie\\\/#breadcrumb\",\"itemListElement\":[{\"@type\":\"ListItem\",\"position\":1,\"name\":\"Strona g\u0142\u00f3wna\",\"item\":\"https:\\\/\\\/tour2turkey.com\\\/pl\\\/\"},{\"@type\":\"ListItem\",\"position\":2,\"name\":\"\u015awiadczenie\"}]},{\"@type\":\"WebSite\",\"@id\":\"https:\\\/\\\/tour2turkey.com\\\/#website\",\"url\":\"https:\\\/\\\/tour2turkey.com\\\/\",\"name\":\"tour2turkey.com - \u0433\u0438\u0434 \u0432 \u043c\u043e\u0440\u0435 \u043f\u0440\u0438\u043a\u043b\u044e\u0447\u0435\u043d\u0438\u0439\",\"description\":\"Wycieczka\",\"publisher\":{\"@id\":\"https:\\\/\\\/tour2turkey.com\\\/#organization\"},\"potentialAction\":[{\"@type\":\"SearchAction\",\"target\":{\"@type\":\"EntryPoint\",\"urlTemplate\":\"https:\\\/\\\/tour2turkey.com\\\/?s={search_term_string}\"},\"query-input\":{\"@type\":\"PropertyValueSpecification\",\"valueRequired\":true,\"valueName\":\"search_term_string\"}}],\"inLanguage\":\"pl-PL\"},{\"@type\":\"Organization\",\"@id\":\"https:\\\/\\\/tour2turkey.com\\\/#organization\",\"name\":\"tour2turkey.com\",\"url\":\"https:\\\/\\\/tour2turkey.com\\\/\",\"logo\":{\"@type\":\"ImageObject\",\"inLanguage\":\"pl-PL\",\"@id\":\"https:\\\/\\\/tour2turkey.com\\\/#\\\/schema\\\/logo\\\/image\\\/\",\"url\":\"https:\\\/\\\/tour2turkey.com\\\/wp-content\\\/uploads\\\/2026\\\/02\\\/logosmall.png\",\"contentUrl\":\"https:\\\/\\\/tour2turkey.com\\\/wp-content\\\/uploads\\\/2026\\\/02\\\/logosmall.png\",\"width\":174,\"height\":157,\"caption\":\"tour2turkey.com\"},\"image\":{\"@id\":\"https:\\\/\\\/tour2turkey.com\\\/#\\\/schema\\\/logo\\\/image\\\/\"},\"sameAs\":[\"https:\\\/\\\/www.facebook.com\\\/profile.php?id=100087532633860\",\"https:\\\/\\\/x.com\\\/tour_2turkey\",\"https:\\\/\\\/www.instagram.com\\\/tour_2turkey\\\/\",\"https:\\\/\\\/vk.com\\\/fidelisru\",\"https:\\\/\\\/www.tiktok.com\\\/@tour_2turkey\",\"https:\\\/\\\/www.linkedin.com\\\/feed\\\/\",\"https:\\\/\\\/www.youtube.com\\\/@tour2turkey\",\"https:\\\/\\\/tr.pinterest.com\\\/tour2turkiye\\\/\"]}]}<\/script>\n<!-- \/ Yoast SEO plugin. -->","yoast_head_json":{"title":"Us\u0142ugi turystyczne w Alanyi \u2013 Wycieczki i transfery | Tour2Turkey","description":"Sprawd\u017a nasze us\u0142ugi turystyczne w Alanyi: wycieczki, transfery, wynajem samochod\u00f3w oraz indywidualne wyprawy. Komfort i bezpiecze\u0144stwo z Tour2Turkey.","robots":{"index":"index","follow":"follow","max-snippet":"max-snippet:-1","max-image-preview":"max-image-preview:large","max-video-preview":"max-video-preview:-1"},"canonical":"https:\/\/tour2turkey.com\/pl\/swiadczenie\/","og_locale":"pl_PL","og_type":"article","og_title":"Us\u0142ugi turystyczne w Alanyi \u2013 Wycieczki i transfery | Tour2Turkey","og_description":"Sprawd\u017a nasze us\u0142ugi turystyczne w Alanyi: wycieczki, transfery, wynajem samochod\u00f3w oraz indywidualne wyprawy. Komfort i bezpiecze\u0144stwo z Tour2Turkey.","og_url":"https:\/\/tour2turkey.com\/pl\/swiadczenie\/","og_site_name":"tour2turkey.com","article_publisher":"https:\/\/www.facebook.com\/profile.php?id=100087532633860","article_modified_time":"2026-04-03T16:05:28+00:00","twitter_card":"summary_large_image","twitter_site":"@tour_2turkey","schema":{"@context":"https:\/\/schema.org","@graph":[{"@type":"WebPage","@id":"https:\/\/tour2turkey.com\/pl\/swiadczenie\/","url":"https:\/\/tour2turkey.com\/pl\/swiadczenie\/","name":"Us\u0142ugi turystyczne w Alanyi \u2013 Wycieczki i transfery | Tour2Turkey","isPartOf":{"@id":"https:\/\/tour2turkey.com\/#website"},"datePublished":"2025-12-12T11:09:03+00:00","dateModified":"2026-04-03T16:05:28+00:00","description":"Sprawd\u017a nasze us\u0142ugi turystyczne w Alanyi: wycieczki, transfery, wynajem samochod\u00f3w oraz indywidualne wyprawy. Komfort i bezpiecze\u0144stwo z Tour2Turkey.","breadcrumb":{"@id":"https:\/\/tour2turkey.com\/pl\/swiadczenie\/#breadcrumb"},"inLanguage":"pl-PL","potentialAction":[{"@type":"ReadAction","target":["https:\/\/tour2turkey.com\/pl\/swiadczenie\/"]}]},{"@type":"BreadcrumbList","@id":"https:\/\/tour2turkey.com\/pl\/swiadczenie\/#breadcrumb","itemListElement":[{"@type":"ListItem","position":1,"name":"Strona g\u0142\u00f3wna","item":"https:\/\/tour2turkey.com\/pl\/"},{"@type":"ListItem","position":2,"name":"\u015awiadczenie"}]},{"@type":"WebSite","@id":"https:\/\/tour2turkey.com\/#website","url":"https:\/\/tour2turkey.com\/","name":"tour2turkey.com - \u0433\u0438\u0434 \u0432 \u043c\u043e\u0440\u0435 \u043f\u0440\u0438\u043a\u043b\u044e\u0447\u0435\u043d\u0438\u0439","description":"Wycieczka","publisher":{"@id":"https:\/\/tour2turkey.com\/#organization"},"potentialAction":[{"@type":"SearchAction","target":{"@type":"EntryPoint","urlTemplate":"https:\/\/tour2turkey.com\/?s={search_term_string}"},"query-input":{"@type":"PropertyValueSpecification","valueRequired":true,"valueName":"search_term_string"}}],"inLanguage":"pl-PL"},{"@type":"Organization","@id":"https:\/\/tour2turkey.com\/#organization","name":"tour2turkey.com","url":"https:\/\/tour2turkey.com\/","logo":{"@type":"ImageObject","inLanguage":"pl-PL","@id":"https:\/\/tour2turkey.com\/#\/schema\/logo\/image\/","url":"https:\/\/tour2turkey.com\/wp-content\/uploads\/2026\/02\/logosmall.png","contentUrl":"https:\/\/tour2turkey.com\/wp-content\/uploads\/2026\/02\/logosmall.png","width":174,"height":157,"caption":"tour2turkey.com"},"image":{"@id":"https:\/\/tour2turkey.com\/#\/schema\/logo\/image\/"},"sameAs":["https:\/\/www.facebook.com\/profile.php?id=100087532633860","https:\/\/x.com\/tour_2turkey","https:\/\/www.instagram.com\/tour_2turkey\/","https:\/\/vk.com\/fidelisru","https:\/\/www.tiktok.com\/@tour_2turkey","https:\/\/www.linkedin.com\/feed\/","https:\/\/www.youtube.com\/@tour2turkey","https:\/\/tr.pinterest.com\/tour2turkiye\/"]}]}},"_links":{"self":[{"href":"https:\/\/tour2turkey.com\/pl\/wp-json\/wp\/v2\/pages\/3457","targetHints":{"allow":["GET"]}}],"collection":[{"href":"https:\/\/tour2turkey.com\/pl\/wp-json\/wp\/v2\/pages"}],"about":[{"href":"https:\/\/tour2turkey.com\/pl\/wp-json\/wp\/v2\/types\/page"}],"author":[{"embeddable":true,"href":"https:\/\/tour2turkey.com\/pl\/wp-json\/wp\/v2\/users\/3"}],"replies":[{"embeddable":true,"href":"https:\/\/tour2turkey.com\/pl\/wp-json\/wp\/v2\/comments?post=3457"}],"version-history":[{"count":1,"href":"https:\/\/tour2turkey.com\/pl\/wp-json\/wp\/v2\/pages\/3457\/revisions"}],"predecessor-version":[{"id":3461,"href":"https:\/\/tour2turkey.com\/pl\/wp-json\/wp\/v2\/pages\/3457\/revisions\/3461"}],"wp:attachment":[{"href":"https:\/\/tour2turkey.com\/pl\/wp-json\/wp\/v2\/media?parent=3457"}],"curies":[{"name":"wp","href":"https:\/\/api.w.org\/{rel}","templated":true}]}}