{"id":3445,"date":"2025-12-12T11:07:41","date_gmt":"2025-12-12T11:07:41","guid":{"rendered":"https:\/\/tour2turkey.com\/about\/"},"modified":"2026-04-03T15:57:56","modified_gmt":"2026-04-03T15:57:56","slug":"o-nas","status":"publish","type":"page","link":"https:\/\/tour2turkey.com\/pl\/o-nas\/","title":{"rendered":"O nas"},"content":{"rendered":"<h2 data-start=\"39\" data-end=\"258\"><strong data-start=\"39\" data-end=\"61\">Wycieczki w Alanyi<\/strong><\/h2>\n<p data-start=\"39\" data-end=\"258\">Drodzy go\u015bcie! Zapraszamy na wycieczki po Alanyi z licencj\u0105 nr 18277, wydan\u0105 przez Ministerstwo Turystyki Turcji. Jeste\u015bmy r\u00f3wnie\u017c oficjalnym partnerem firmy ubezpieczeniowej Alliance Insurance.<\/p>\n<p data-start=\"260\" data-end=\"460\"><strong data-start=\"260\" data-end=\"292\">Dodatkowe us\u0142ugi turystyczne<\/strong><br data-start=\"292\" data-end=\"295\" \/>Opr\u00f3cz program\u00f3w wycieczkowych Alanya Tours oferuje bezpieczne transfery z lotniska, wynajem jacht\u00f3w oraz organizacj\u0119 indywidualnych wycieczek po Alanyi i okolicach.<\/p>\n<p data-start=\"462\" data-end=\"710\"><strong data-start=\"462\" data-end=\"495\">Ciesz si\u0119 wypoczynkiem z nami<\/strong><br data-start=\"495\" data-end=\"498\" \/>Szukasz niezawodnej firmy organizuj\u0105cej wycieczki w Alanyi? Trafi\u0142e\u015b we w\u0142a\u015bciwe miejsce! Zapoznaj si\u0119 z nasz\u0105 stron\u0105 i wybierz ofert\u0119 odpowiedni\u0105 dla siebie. Skontaktuj si\u0119 z nami, aby uzyska\u0107 wi\u0119cej informacji.<\/p>\n","protected":false},"excerpt":{"rendered":"<p>Wycieczki w Alanyi Drodzy go\u015bcie! Zapraszamy na wycieczki po Alanyi z licencj\u0105 nr 18277, wydan\u0105 przez Ministerstwo Turystyki Turcji. Jeste\u015bmy r\u00f3wnie\u017c oficjalnym partnerem firmy ubezpieczeniowej Alliance Insurance. Dodatkowe us\u0142ugi turystyczneOpr\u00f3cz program\u00f3w wycieczkowych Alanya Tours oferuje bezpieczne transfery z lotniska, wynajem jacht\u00f3w oraz organizacj\u0119 indywidualnych wycieczek po Alanyi i okolicach. Ciesz si\u0119 wypoczynkiem z namiSzukasz niezawodnej [&hellip;]<\/p>\n","protected":false},"author":3,"featured_media":0,"parent":0,"menu_order":0,"comment_status":"closed","ping_status":"closed","template":"page-about.php","meta":{"_acf_changed":false,"footnotes":""},"class_list":["post-3445","page","type-page","status-publish","hentry"],"acf":[],"yoast_head":"<!-- This site is optimized with the Yoast SEO plugin v27.5 - https:\/\/yoast.com\/product\/yoast-seo-wordpress\/ -->\n<title>Wycieczki w Alanyi \u2013 Najlepsze wycieczki i atrakcje | Tour2Turkey<\/title>\n<meta name=\"description\" content=\"Odkryj najlepsze wycieczki w Alanyi! Transfery, rejsy jachtem i indywidualne wyprawy. Bezpieczna organizacja i licencjonowany operator turystyczny.\" \/>\n<meta name=\"robots\" content=\"index, follow, max-snippet:-1, max-image-preview:large, max-video-preview:-1\" \/>\n<link rel=\"canonical\" href=\"https:\/\/tour2turkey.com\/pl\/o-nas\/\" \/>\n<meta property=\"og:locale\" content=\"pl_PL\" \/>\n<meta property=\"og:type\" content=\"article\" \/>\n<meta property=\"og:title\" content=\"Wycieczki w Alanyi \u2013 Najlepsze wycieczki i atrakcje | Tour2Turkey\" \/>\n<meta property=\"og:description\" content=\"Odkryj najlepsze wycieczki w Alanyi! Transfery, rejsy jachtem i indywidualne wyprawy. Bezpieczna organizacja i licencjonowany operator turystyczny.\" \/>\n<meta property=\"og:url\" content=\"https:\/\/tour2turkey.com\/pl\/o-nas\/\" \/>\n<meta property=\"og:site_name\" content=\"tour2turkey.com\" \/>\n<meta property=\"article:publisher\" content=\"https:\/\/www.facebook.com\/profile.php?id=100087532633860\" \/>\n<meta property=\"article:modified_time\" content=\"2026-04-03T15:57:56+00:00\" \/>\n<meta name=\"twitter:card\" content=\"summary_large_image\" \/>\n<meta name=\"twitter:site\" content=\"@tour_2turkey\" \/>\n<meta name=\"twitter:label1\" content=\"Szacowany czas czytania\" \/>\n\t<meta name=\"twitter:data1\" content=\"1 minuta\" \/>\n<script type=\"application\/ld+json\" class=\"yoast-schema-graph\">{\"@context\":\"https:\\\/\\\/schema.org\",\"@graph\":[{\"@type\":\"WebPage\",\"@id\":\"https:\\\/\\\/tour2turkey.com\\\/pl\\\/o-nas\\\/\",\"url\":\"https:\\\/\\\/tour2turkey.com\\\/pl\\\/o-nas\\\/\",\"name\":\"Wycieczki w Alanyi \u2013 Najlepsze wycieczki i atrakcje | Tour2Turkey\",\"isPartOf\":{\"@id\":\"https:\\\/\\\/tour2turkey.com\\\/#website\"},\"datePublished\":\"2025-12-12T11:07:41+00:00\",\"dateModified\":\"2026-04-03T15:57:56+00:00\",\"description\":\"Odkryj najlepsze wycieczki w Alanyi! Transfery, rejsy jachtem i indywidualne wyprawy. Bezpieczna organizacja i licencjonowany operator turystyczny.\",\"breadcrumb\":{\"@id\":\"https:\\\/\\\/tour2turkey.com\\\/pl\\\/o-nas\\\/#breadcrumb\"},\"inLanguage\":\"pl-PL\",\"potentialAction\":[{\"@type\":\"ReadAction\",\"target\":[\"https:\\\/\\\/tour2turkey.com\\\/pl\\\/o-nas\\\/\"]}]},{\"@type\":\"BreadcrumbList\",\"@id\":\"https:\\\/\\\/tour2turkey.com\\\/pl\\\/o-nas\\\/#breadcrumb\",\"itemListElement\":[{\"@type\":\"ListItem\",\"position\":1,\"name\":\"Strona g\u0142\u00f3wna\",\"item\":\"https:\\\/\\\/tour2turkey.com\\\/pl\\\/\"},{\"@type\":\"ListItem\",\"position\":2,\"name\":\"O nas\"}]},{\"@type\":\"WebSite\",\"@id\":\"https:\\\/\\\/tour2turkey.com\\\/#website\",\"url\":\"https:\\\/\\\/tour2turkey.com\\\/\",\"name\":\"tour2turkey.com - \u0433\u0438\u0434 \u0432 \u043c\u043e\u0440\u0435 \u043f\u0440\u0438\u043a\u043b\u044e\u0447\u0435\u043d\u0438\u0439\",\"description\":\"Wycieczka\",\"publisher\":{\"@id\":\"https:\\\/\\\/tour2turkey.com\\\/#organization\"},\"potentialAction\":[{\"@type\":\"SearchAction\",\"target\":{\"@type\":\"EntryPoint\",\"urlTemplate\":\"https:\\\/\\\/tour2turkey.com\\\/?s={search_term_string}\"},\"query-input\":{\"@type\":\"PropertyValueSpecification\",\"valueRequired\":true,\"valueName\":\"search_term_string\"}}],\"inLanguage\":\"pl-PL\"},{\"@type\":\"Organization\",\"@id\":\"https:\\\/\\\/tour2turkey.com\\\/#organization\",\"name\":\"tour2turkey.com\",\"url\":\"https:\\\/\\\/tour2turkey.com\\\/\",\"logo\":{\"@type\":\"ImageObject\",\"inLanguage\":\"pl-PL\",\"@id\":\"https:\\\/\\\/tour2turkey.com\\\/#\\\/schema\\\/logo\\\/image\\\/\",\"url\":\"https:\\\/\\\/tour2turkey.com\\\/wp-content\\\/uploads\\\/2026\\\/02\\\/logosmall.png\",\"contentUrl\":\"https:\\\/\\\/tour2turkey.com\\\/wp-content\\\/uploads\\\/2026\\\/02\\\/logosmall.png\",\"width\":174,\"height\":157,\"caption\":\"tour2turkey.com\"},\"image\":{\"@id\":\"https:\\\/\\\/tour2turkey.com\\\/#\\\/schema\\\/logo\\\/image\\\/\"},\"sameAs\":[\"https:\\\/\\\/www.facebook.com\\\/profile.php?id=100087532633860\",\"https:\\\/\\\/x.com\\\/tour_2turkey\",\"https:\\\/\\\/www.instagram.com\\\/tour_2turkey\\\/\",\"https:\\\/\\\/vk.com\\\/fidelisru\",\"https:\\\/\\\/www.tiktok.com\\\/@tour_2turkey\",\"https:\\\/\\\/www.linkedin.com\\\/feed\\\/\",\"https:\\\/\\\/www.youtube.com\\\/@tour2turkey\",\"https:\\\/\\\/tr.pinterest.com\\\/tour2turkiye\\\/\"]}]}<\/script>\n<!-- \/ Yoast SEO plugin. -->","yoast_head_json":{"title":"Wycieczki w Alanyi \u2013 Najlepsze wycieczki i atrakcje | Tour2Turkey","description":"Odkryj najlepsze wycieczki w Alanyi! Transfery, rejsy jachtem i indywidualne wyprawy. Bezpieczna organizacja i licencjonowany operator turystyczny.","robots":{"index":"index","follow":"follow","max-snippet":"max-snippet:-1","max-image-preview":"max-image-preview:large","max-video-preview":"max-video-preview:-1"},"canonical":"https:\/\/tour2turkey.com\/pl\/o-nas\/","og_locale":"pl_PL","og_type":"article","og_title":"Wycieczki w Alanyi \u2013 Najlepsze wycieczki i atrakcje | Tour2Turkey","og_description":"Odkryj najlepsze wycieczki w Alanyi! Transfery, rejsy jachtem i indywidualne wyprawy. Bezpieczna organizacja i licencjonowany operator turystyczny.","og_url":"https:\/\/tour2turkey.com\/pl\/o-nas\/","og_site_name":"tour2turkey.com","article_publisher":"https:\/\/www.facebook.com\/profile.php?id=100087532633860","article_modified_time":"2026-04-03T15:57:56+00:00","twitter_card":"summary_large_image","twitter_site":"@tour_2turkey","twitter_misc":{"Szacowany czas czytania":"1 minuta"},"schema":{"@context":"https:\/\/schema.org","@graph":[{"@type":"WebPage","@id":"https:\/\/tour2turkey.com\/pl\/o-nas\/","url":"https:\/\/tour2turkey.com\/pl\/o-nas\/","name":"Wycieczki w Alanyi \u2013 Najlepsze wycieczki i atrakcje | Tour2Turkey","isPartOf":{"@id":"https:\/\/tour2turkey.com\/#website"},"datePublished":"2025-12-12T11:07:41+00:00","dateModified":"2026-04-03T15:57:56+00:00","description":"Odkryj najlepsze wycieczki w Alanyi! Transfery, rejsy jachtem i indywidualne wyprawy. Bezpieczna organizacja i licencjonowany operator turystyczny.","breadcrumb":{"@id":"https:\/\/tour2turkey.com\/pl\/o-nas\/#breadcrumb"},"inLanguage":"pl-PL","potentialAction":[{"@type":"ReadAction","target":["https:\/\/tour2turkey.com\/pl\/o-nas\/"]}]},{"@type":"BreadcrumbList","@id":"https:\/\/tour2turkey.com\/pl\/o-nas\/#breadcrumb","itemListElement":[{"@type":"ListItem","position":1,"name":"Strona g\u0142\u00f3wna","item":"https:\/\/tour2turkey.com\/pl\/"},{"@type":"ListItem","position":2,"name":"O nas"}]},{"@type":"WebSite","@id":"https:\/\/tour2turkey.com\/#website","url":"https:\/\/tour2turkey.com\/","name":"tour2turkey.com - \u0433\u0438\u0434 \u0432 \u043c\u043e\u0440\u0435 \u043f\u0440\u0438\u043a\u043b\u044e\u0447\u0435\u043d\u0438\u0439","description":"Wycieczka","publisher":{"@id":"https:\/\/tour2turkey.com\/#organization"},"potentialAction":[{"@type":"SearchAction","target":{"@type":"EntryPoint","urlTemplate":"https:\/\/tour2turkey.com\/?s={search_term_string}"},"query-input":{"@type":"PropertyValueSpecification","valueRequired":true,"valueName":"search_term_string"}}],"inLanguage":"pl-PL"},{"@type":"Organization","@id":"https:\/\/tour2turkey.com\/#organization","name":"tour2turkey.com","url":"https:\/\/tour2turkey.com\/","logo":{"@type":"ImageObject","inLanguage":"pl-PL","@id":"https:\/\/tour2turkey.com\/#\/schema\/logo\/image\/","url":"https:\/\/tour2turkey.com\/wp-content\/uploads\/2026\/02\/logosmall.png","contentUrl":"https:\/\/tour2turkey.com\/wp-content\/uploads\/2026\/02\/logosmall.png","width":174,"height":157,"caption":"tour2turkey.com"},"image":{"@id":"https:\/\/tour2turkey.com\/#\/schema\/logo\/image\/"},"sameAs":["https:\/\/www.facebook.com\/profile.php?id=100087532633860","https:\/\/x.com\/tour_2turkey","https:\/\/www.instagram.com\/tour_2turkey\/","https:\/\/vk.com\/fidelisru","https:\/\/www.tiktok.com\/@tour_2turkey","https:\/\/www.linkedin.com\/feed\/","https:\/\/www.youtube.com\/@tour2turkey","https:\/\/tr.pinterest.com\/tour2turkiye\/"]}]}},"_links":{"self":[{"href":"https:\/\/tour2turkey.com\/pl\/wp-json\/wp\/v2\/pages\/3445","targetHints":{"allow":["GET"]}}],"collection":[{"href":"https:\/\/tour2turkey.com\/pl\/wp-json\/wp\/v2\/pages"}],"about":[{"href":"https:\/\/tour2turkey.com\/pl\/wp-json\/wp\/v2\/types\/page"}],"author":[{"embeddable":true,"href":"https:\/\/tour2turkey.com\/pl\/wp-json\/wp\/v2\/users\/3"}],"replies":[{"embeddable":true,"href":"https:\/\/tour2turkey.com\/pl\/wp-json\/wp\/v2\/comments?post=3445"}],"version-history":[{"count":3,"href":"https:\/\/tour2turkey.com\/pl\/wp-json\/wp\/v2\/pages\/3445\/revisions"}],"predecessor-version":[{"id":4716,"href":"https:\/\/tour2turkey.com\/pl\/wp-json\/wp\/v2\/pages\/3445\/revisions\/4716"}],"wp:attachment":[{"href":"https:\/\/tour2turkey.com\/pl\/wp-json\/wp\/v2\/media?parent=3445"}],"curies":[{"name":"wp","href":"https:\/\/api.w.org\/{rel}","templated":true}]}}