{"id":3376,"date":"2025-12-12T11:10:54","date_gmt":"2025-12-12T11:10:54","guid":{"rendered":"https:\/\/tour2turkey.com\/kontakty\/"},"modified":"2026-04-25T22:20:44","modified_gmt":"2026-04-25T22:20:44","slug":"kontakt","status":"publish","type":"page","link":"https:\/\/tour2turkey.com\/pl\/kontakt\/","title":{"rendered":"Kontakt"},"content":{"rendered":"<h3 style=\"text-align: center;\">Zawsze ch\u0119tnie odpowiemy na twoje pytania i pomo\u017cemy w rezerwacji.<\/h3>\n<p><strong>W sprawie rezerwacji<\/strong><\/p>\n<p><img loading=\"lazy\" decoding=\"async\" class=\"alignnone wp-image-643 alignleft\" src=\"https:\/\/tour2turkey.com\/wp-content\/uploads\/2026\/02\/phone-call.png\" alt=\"\" width=\"35\" height=\"35\" \/>\u00a0 <a href=\"tel:+905384083456\">+90 538 408 34 56<\/a><\/p>\n<p><strong>Bezpo\u015bredni telefon firmowy<\/strong><\/p>\n<p><img loading=\"lazy\" decoding=\"async\" class=\"alignleft wp-image-642\" src=\"https:\/\/tour2turkey.com\/wp-content\/uploads\/2026\/02\/whatsapp.png\" alt=\"\" width=\"35\" height=\"35\" \/> \u00a0\u00a0<a href=\"https:\/\/wa.me\/905384083456\">Whatsapp<\/a><\/p>\n<p><img loading=\"lazy\" decoding=\"async\" class=\"alignleft wp-image-641\" src=\"https:\/\/tour2turkey.com\/wp-content\/uploads\/2026\/02\/telegram.png\" alt=\"\" width=\"35\" height=\"35\" \/> \u00a0\u00a0<a href=\"https:\/\/t.me\/+905384083456\">Telegram<\/a><\/p>\n<p><img loading=\"lazy\" decoding=\"async\" class=\"alignleft wp-image-4595\" src=\"https:\/\/tour2turkey.com\/wp-content\/uploads\/2026\/03\/max-300x300.webp\" alt=\"\" width=\"35\" height=\"35\" srcset=\"https:\/\/tour2turkey.com\/wp-content\/uploads\/2026\/03\/max-300x300.webp 300w, https:\/\/tour2turkey.com\/wp-content\/uploads\/2026\/03\/max-150x150.webp 150w, https:\/\/tour2turkey.com\/wp-content\/uploads\/2026\/03\/max.webp 400w\" sizes=\"auto, (max-width: 35px) 100vw, 35px\" \/>MAX &#8211; wkr\u00f3tce<\/p>\n<div class=\"col-sm-12\"><\/div>\n<div class=\"col-sm-12 txt_stl_cont\">\n<h5><\/h5>\n<\/div>\n<div class=\"col-sm-12\"><\/div>\n","protected":false},"excerpt":{"rendered":"<p>Zawsze ch\u0119tnie odpowiemy na twoje pytania i pomo\u017cemy w rezerwacji. W sprawie rezerwacji \u00a0 +90 538 408 34 56 Bezpo\u015bredni telefon firmowy \u00a0\u00a0Whatsapp \u00a0\u00a0Telegram MAX &#8211; wkr\u00f3tce<\/p>\n","protected":false},"author":3,"featured_media":0,"parent":0,"menu_order":0,"comment_status":"closed","ping_status":"closed","template":"page-contact.php","meta":{"_acf_changed":false,"footnotes":""},"class_list":["post-3376","page","type-page","status-publish","hentry"],"acf":[],"yoast_head":"<!-- This site is optimized with the Yoast SEO plugin v27.5 - https:\/\/yoast.com\/product\/yoast-seo-wordpress\/ -->\n<title>Kontakt \u2013 Rezerwacje i pomoc | Tour2Turkey<\/title>\n<meta name=\"description\" content=\"Skontaktuj si\u0119 z nami, aby zarezerwowa\u0107 wycieczk\u0119 lub uzyska\u0107 pomoc. Telefon, WhatsApp, Telegram \u2013 jeste\u015bmy dost\u0119pni dla Ciebie!\" \/>\n<meta name=\"robots\" content=\"index, follow, max-snippet:-1, max-image-preview:large, max-video-preview:-1\" \/>\n<link rel=\"canonical\" href=\"https:\/\/tour2turkey.com\/pl\/kontakt\/\" \/>\n<meta property=\"og:locale\" content=\"pl_PL\" \/>\n<meta property=\"og:type\" content=\"article\" \/>\n<meta property=\"og:title\" content=\"Kontakt \u2013 Rezerwacje i pomoc | Tour2Turkey\" \/>\n<meta property=\"og:description\" content=\"Skontaktuj si\u0119 z nami, aby zarezerwowa\u0107 wycieczk\u0119 lub uzyska\u0107 pomoc. Telefon, WhatsApp, Telegram \u2013 jeste\u015bmy dost\u0119pni dla Ciebie!\" \/>\n<meta property=\"og:url\" content=\"https:\/\/tour2turkey.com\/pl\/kontakt\/\" \/>\n<meta property=\"og:site_name\" content=\"tour2turkey.com\" \/>\n<meta property=\"article:publisher\" content=\"https:\/\/www.facebook.com\/profile.php?id=100087532633860\" \/>\n<meta property=\"article:modified_time\" content=\"2026-04-25T22:20:44+00:00\" \/>\n<meta property=\"og:image\" content=\"https:\/\/tour2turkey.com\/wp-content\/uploads\/2026\/02\/phone-call.png\" \/>\n\t<meta property=\"og:image:width\" content=\"64\" \/>\n\t<meta property=\"og:image:height\" content=\"64\" \/>\n\t<meta property=\"og:image:type\" content=\"image\/png\" \/>\n<meta name=\"twitter:card\" content=\"summary_large_image\" \/>\n<meta name=\"twitter:site\" content=\"@tour_2turkey\" \/>\n<meta name=\"twitter:label1\" content=\"Szacowany czas czytania\" \/>\n\t<meta name=\"twitter:data1\" content=\"1 minuta\" \/>\n<script type=\"application\/ld+json\" class=\"yoast-schema-graph\">{\"@context\":\"https:\\\/\\\/schema.org\",\"@graph\":[{\"@type\":\"WebPage\",\"@id\":\"https:\\\/\\\/tour2turkey.com\\\/pl\\\/kontakt\\\/\",\"url\":\"https:\\\/\\\/tour2turkey.com\\\/pl\\\/kontakt\\\/\",\"name\":\"Kontakt \u2013 Rezerwacje i pomoc | Tour2Turkey\",\"isPartOf\":{\"@id\":\"https:\\\/\\\/tour2turkey.com\\\/#website\"},\"primaryImageOfPage\":{\"@id\":\"https:\\\/\\\/tour2turkey.com\\\/pl\\\/kontakt\\\/#primaryimage\"},\"image\":{\"@id\":\"https:\\\/\\\/tour2turkey.com\\\/pl\\\/kontakt\\\/#primaryimage\"},\"thumbnailUrl\":\"https:\\\/\\\/tour2turkey.com\\\/wp-content\\\/uploads\\\/2026\\\/02\\\/phone-call.png\",\"datePublished\":\"2025-12-12T11:10:54+00:00\",\"dateModified\":\"2026-04-25T22:20:44+00:00\",\"description\":\"Skontaktuj si\u0119 z nami, aby zarezerwowa\u0107 wycieczk\u0119 lub uzyska\u0107 pomoc. Telefon, WhatsApp, Telegram \u2013 jeste\u015bmy dost\u0119pni dla Ciebie!\",\"breadcrumb\":{\"@id\":\"https:\\\/\\\/tour2turkey.com\\\/pl\\\/kontakt\\\/#breadcrumb\"},\"inLanguage\":\"pl-PL\",\"potentialAction\":[{\"@type\":\"ReadAction\",\"target\":[\"https:\\\/\\\/tour2turkey.com\\\/pl\\\/kontakt\\\/\"]}]},{\"@type\":\"ImageObject\",\"inLanguage\":\"pl-PL\",\"@id\":\"https:\\\/\\\/tour2turkey.com\\\/pl\\\/kontakt\\\/#primaryimage\",\"url\":\"https:\\\/\\\/tour2turkey.com\\\/wp-content\\\/uploads\\\/2026\\\/02\\\/phone-call.png\",\"contentUrl\":\"https:\\\/\\\/tour2turkey.com\\\/wp-content\\\/uploads\\\/2026\\\/02\\\/phone-call.png\"},{\"@type\":\"BreadcrumbList\",\"@id\":\"https:\\\/\\\/tour2turkey.com\\\/pl\\\/kontakt\\\/#breadcrumb\",\"itemListElement\":[{\"@type\":\"ListItem\",\"position\":1,\"name\":\"Strona g\u0142\u00f3wna\",\"item\":\"https:\\\/\\\/tour2turkey.com\\\/pl\\\/\"},{\"@type\":\"ListItem\",\"position\":2,\"name\":\"Kontakt\"}]},{\"@type\":\"WebSite\",\"@id\":\"https:\\\/\\\/tour2turkey.com\\\/#website\",\"url\":\"https:\\\/\\\/tour2turkey.com\\\/\",\"name\":\"tour2turkey.com - \u0433\u0438\u0434 \u0432 \u043c\u043e\u0440\u0435 \u043f\u0440\u0438\u043a\u043b\u044e\u0447\u0435\u043d\u0438\u0439\",\"description\":\"Wycieczka\",\"publisher\":{\"@id\":\"https:\\\/\\\/tour2turkey.com\\\/#organization\"},\"potentialAction\":[{\"@type\":\"SearchAction\",\"target\":{\"@type\":\"EntryPoint\",\"urlTemplate\":\"https:\\\/\\\/tour2turkey.com\\\/?s={search_term_string}\"},\"query-input\":{\"@type\":\"PropertyValueSpecification\",\"valueRequired\":true,\"valueName\":\"search_term_string\"}}],\"inLanguage\":\"pl-PL\"},{\"@type\":\"Organization\",\"@id\":\"https:\\\/\\\/tour2turkey.com\\\/#organization\",\"name\":\"tour2turkey.com\",\"url\":\"https:\\\/\\\/tour2turkey.com\\\/\",\"logo\":{\"@type\":\"ImageObject\",\"inLanguage\":\"pl-PL\",\"@id\":\"https:\\\/\\\/tour2turkey.com\\\/#\\\/schema\\\/logo\\\/image\\\/\",\"url\":\"https:\\\/\\\/tour2turkey.com\\\/wp-content\\\/uploads\\\/2026\\\/02\\\/logosmall.png\",\"contentUrl\":\"https:\\\/\\\/tour2turkey.com\\\/wp-content\\\/uploads\\\/2026\\\/02\\\/logosmall.png\",\"width\":174,\"height\":157,\"caption\":\"tour2turkey.com\"},\"image\":{\"@id\":\"https:\\\/\\\/tour2turkey.com\\\/#\\\/schema\\\/logo\\\/image\\\/\"},\"sameAs\":[\"https:\\\/\\\/www.facebook.com\\\/profile.php?id=100087532633860\",\"https:\\\/\\\/x.com\\\/tour_2turkey\",\"https:\\\/\\\/www.instagram.com\\\/tour_2turkey\\\/\",\"https:\\\/\\\/vk.com\\\/fidelisru\",\"https:\\\/\\\/www.tiktok.com\\\/@tour_2turkey\",\"https:\\\/\\\/www.linkedin.com\\\/feed\\\/\",\"https:\\\/\\\/www.youtube.com\\\/@tour2turkey\",\"https:\\\/\\\/tr.pinterest.com\\\/tour2turkiye\\\/\"]}]}<\/script>\n<!-- \/ Yoast SEO plugin. -->","yoast_head_json":{"title":"Kontakt \u2013 Rezerwacje i pomoc | Tour2Turkey","description":"Skontaktuj si\u0119 z nami, aby zarezerwowa\u0107 wycieczk\u0119 lub uzyska\u0107 pomoc. Telefon, WhatsApp, Telegram \u2013 jeste\u015bmy dost\u0119pni dla Ciebie!","robots":{"index":"index","follow":"follow","max-snippet":"max-snippet:-1","max-image-preview":"max-image-preview:large","max-video-preview":"max-video-preview:-1"},"canonical":"https:\/\/tour2turkey.com\/pl\/kontakt\/","og_locale":"pl_PL","og_type":"article","og_title":"Kontakt \u2013 Rezerwacje i pomoc | Tour2Turkey","og_description":"Skontaktuj si\u0119 z nami, aby zarezerwowa\u0107 wycieczk\u0119 lub uzyska\u0107 pomoc. Telefon, WhatsApp, Telegram \u2013 jeste\u015bmy dost\u0119pni dla Ciebie!","og_url":"https:\/\/tour2turkey.com\/pl\/kontakt\/","og_site_name":"tour2turkey.com","article_publisher":"https:\/\/www.facebook.com\/profile.php?id=100087532633860","article_modified_time":"2026-04-25T22:20:44+00:00","og_image":[{"width":64,"height":64,"url":"https:\/\/tour2turkey.com\/wp-content\/uploads\/2026\/02\/phone-call.png","type":"image\/png"}],"twitter_card":"summary_large_image","twitter_site":"@tour_2turkey","twitter_misc":{"Szacowany czas czytania":"1 minuta"},"schema":{"@context":"https:\/\/schema.org","@graph":[{"@type":"WebPage","@id":"https:\/\/tour2turkey.com\/pl\/kontakt\/","url":"https:\/\/tour2turkey.com\/pl\/kontakt\/","name":"Kontakt \u2013 Rezerwacje i pomoc | Tour2Turkey","isPartOf":{"@id":"https:\/\/tour2turkey.com\/#website"},"primaryImageOfPage":{"@id":"https:\/\/tour2turkey.com\/pl\/kontakt\/#primaryimage"},"image":{"@id":"https:\/\/tour2turkey.com\/pl\/kontakt\/#primaryimage"},"thumbnailUrl":"https:\/\/tour2turkey.com\/wp-content\/uploads\/2026\/02\/phone-call.png","datePublished":"2025-12-12T11:10:54+00:00","dateModified":"2026-04-25T22:20:44+00:00","description":"Skontaktuj si\u0119 z nami, aby zarezerwowa\u0107 wycieczk\u0119 lub uzyska\u0107 pomoc. Telefon, WhatsApp, Telegram \u2013 jeste\u015bmy dost\u0119pni dla Ciebie!","breadcrumb":{"@id":"https:\/\/tour2turkey.com\/pl\/kontakt\/#breadcrumb"},"inLanguage":"pl-PL","potentialAction":[{"@type":"ReadAction","target":["https:\/\/tour2turkey.com\/pl\/kontakt\/"]}]},{"@type":"ImageObject","inLanguage":"pl-PL","@id":"https:\/\/tour2turkey.com\/pl\/kontakt\/#primaryimage","url":"https:\/\/tour2turkey.com\/wp-content\/uploads\/2026\/02\/phone-call.png","contentUrl":"https:\/\/tour2turkey.com\/wp-content\/uploads\/2026\/02\/phone-call.png"},{"@type":"BreadcrumbList","@id":"https:\/\/tour2turkey.com\/pl\/kontakt\/#breadcrumb","itemListElement":[{"@type":"ListItem","position":1,"name":"Strona g\u0142\u00f3wna","item":"https:\/\/tour2turkey.com\/pl\/"},{"@type":"ListItem","position":2,"name":"Kontakt"}]},{"@type":"WebSite","@id":"https:\/\/tour2turkey.com\/#website","url":"https:\/\/tour2turkey.com\/","name":"tour2turkey.com - \u0433\u0438\u0434 \u0432 \u043c\u043e\u0440\u0435 \u043f\u0440\u0438\u043a\u043b\u044e\u0447\u0435\u043d\u0438\u0439","description":"Wycieczka","publisher":{"@id":"https:\/\/tour2turkey.com\/#organization"},"potentialAction":[{"@type":"SearchAction","target":{"@type":"EntryPoint","urlTemplate":"https:\/\/tour2turkey.com\/?s={search_term_string}"},"query-input":{"@type":"PropertyValueSpecification","valueRequired":true,"valueName":"search_term_string"}}],"inLanguage":"pl-PL"},{"@type":"Organization","@id":"https:\/\/tour2turkey.com\/#organization","name":"tour2turkey.com","url":"https:\/\/tour2turkey.com\/","logo":{"@type":"ImageObject","inLanguage":"pl-PL","@id":"https:\/\/tour2turkey.com\/#\/schema\/logo\/image\/","url":"https:\/\/tour2turkey.com\/wp-content\/uploads\/2026\/02\/logosmall.png","contentUrl":"https:\/\/tour2turkey.com\/wp-content\/uploads\/2026\/02\/logosmall.png","width":174,"height":157,"caption":"tour2turkey.com"},"image":{"@id":"https:\/\/tour2turkey.com\/#\/schema\/logo\/image\/"},"sameAs":["https:\/\/www.facebook.com\/profile.php?id=100087532633860","https:\/\/x.com\/tour_2turkey","https:\/\/www.instagram.com\/tour_2turkey\/","https:\/\/vk.com\/fidelisru","https:\/\/www.tiktok.com\/@tour_2turkey","https:\/\/www.linkedin.com\/feed\/","https:\/\/www.youtube.com\/@tour2turkey","https:\/\/tr.pinterest.com\/tour2turkiye\/"]}]}},"_links":{"self":[{"href":"https:\/\/tour2turkey.com\/pl\/wp-json\/wp\/v2\/pages\/3376","targetHints":{"allow":["GET"]}}],"collection":[{"href":"https:\/\/tour2turkey.com\/pl\/wp-json\/wp\/v2\/pages"}],"about":[{"href":"https:\/\/tour2turkey.com\/pl\/wp-json\/wp\/v2\/types\/page"}],"author":[{"embeddable":true,"href":"https:\/\/tour2turkey.com\/pl\/wp-json\/wp\/v2\/users\/3"}],"replies":[{"embeddable":true,"href":"https:\/\/tour2turkey.com\/pl\/wp-json\/wp\/v2\/comments?post=3376"}],"version-history":[{"count":8,"href":"https:\/\/tour2turkey.com\/pl\/wp-json\/wp\/v2\/pages\/3376\/revisions"}],"predecessor-version":[{"id":4750,"href":"https:\/\/tour2turkey.com\/pl\/wp-json\/wp\/v2\/pages\/3376\/revisions\/4750"}],"wp:attachment":[{"href":"https:\/\/tour2turkey.com\/pl\/wp-json\/wp\/v2\/media?parent=3376"}],"curies":[{"name":"wp","href":"https:\/\/api.w.org\/{rel}","templated":true}]}}