{"id":3452,"date":"2025-12-12T11:09:26","date_gmt":"2025-12-12T11:09:26","guid":{"rendered":"https:\/\/tour2turkey.com\/usloviya-i-polozheniya\/"},"modified":"2026-04-03T05:29:27","modified_gmt":"2026-04-03T05:29:27","slug":"allgemeine-geschaeftsbedingungen","status":"publish","type":"page","link":"https:\/\/tour2turkey.com\/de\/allgemeine-geschaeftsbedingungen\/","title":{"rendered":"Allgemeine Gesch\u00e4ftsbedingungen"},"content":{"rendered":"<p>Diese Seite enth\u00e4lt Informationen zu den Nutzungsbedingungen www.tour2turkey.com . Wenn Sie aus irgendeinem Grund unseren Bedingungen nicht zustimmen, bitten wir Sie, zu gehen.<\/p>\n<p>Alle Informationen, Zusammensetzung und Organisation www.tour2turkey.com und auch der Name selbst ist durch Urheberrechtsgesetze und verwandte Rechte gesch\u00fctzt. Ver\u00f6ffentlichen Sie Text oder einen Teil des Textes an Orten ohne Rechte www.tour2turkey.com ; in irgendeiner Weise, zu irgendeinem Zweck, auf irgendwelchen Ressourcen oder Computerseiten oder in Form von kommerzieller Nutzung ist es verboten und wird ohne vorherige Ank\u00fcndigung durch das t\u00fcrkische Recht unterst\u00fctzt.<\/p>\n<p>Unsere Website ist nicht verantwortlich f\u00fcr die Benachrichtigung unserer Nutzer \u00fcber \u00c4nderungen und Bedingungen. www.tour2turkey.com ist verantwortlich f\u00fcr die Speicherung und Verwendung von Materialien und Informationen, die von Kunden w\u00e4hrend der Reise angezeigt oder verwendet werden.<\/p>\n","protected":false},"excerpt":{"rendered":"<p>Diese Seite enth\u00e4lt Informationen zu den Nutzungsbedingungen www.tour2turkey.com . Wenn Sie aus irgendeinem Grund unseren Bedingungen nicht zustimmen, bitten wir Sie, zu gehen. Alle Informationen, Zusammensetzung und Organisation www.tour2turkey.com und auch der Name selbst ist durch Urheberrechtsgesetze und verwandte Rechte gesch\u00fctzt. Ver\u00f6ffentlichen Sie Text oder einen Teil des Textes an Orten ohne Rechte www.tour2turkey.com ; [&hellip;]<\/p>\n","protected":false},"author":3,"featured_media":0,"parent":0,"menu_order":0,"comment_status":"closed","ping_status":"closed","template":"page-TermsConditions.php","meta":{"_acf_changed":false,"footnotes":""},"class_list":["post-3452","page","type-page","status-publish","hentry"],"acf":[],"yoast_head":"<!-- This site is optimized with the Yoast SEO plugin v27.5 - https:\/\/yoast.com\/product\/yoast-seo-wordpress\/ -->\n<title>Nutzungsbedingungen | Tour2Turkey \u2013 Rechtliche Hinweise &amp; Bedingungen<\/title>\n<meta name=\"description\" content=\"Nutzungsbedingungen | Tour2Turkey \u2013 Rechtliche Hinweise &amp; Bedingungen\" \/>\n<meta name=\"robots\" content=\"index, follow, max-snippet:-1, max-image-preview:large, max-video-preview:-1\" \/>\n<link rel=\"canonical\" href=\"https:\/\/tour2turkey.com\/de\/allgemeine-geschaeftsbedingungen\/\" \/>\n<meta property=\"og:locale\" content=\"de_DE\" \/>\n<meta property=\"og:type\" content=\"article\" \/>\n<meta property=\"og:title\" content=\"Nutzungsbedingungen | Tour2Turkey \u2013 Rechtliche Hinweise &amp; Bedingungen\" \/>\n<meta property=\"og:description\" content=\"Nutzungsbedingungen | Tour2Turkey \u2013 Rechtliche Hinweise &amp; Bedingungen\" \/>\n<meta property=\"og:url\" content=\"https:\/\/tour2turkey.com\/de\/allgemeine-geschaeftsbedingungen\/\" \/>\n<meta property=\"og:site_name\" content=\"tour2turkey.com\" \/>\n<meta property=\"article:publisher\" content=\"https:\/\/www.facebook.com\/profile.php?id=100087532633860\" \/>\n<meta property=\"article:modified_time\" content=\"2026-04-03T05:29:27+00:00\" \/>\n<meta name=\"twitter:card\" content=\"summary_large_image\" \/>\n<meta name=\"twitter:site\" content=\"@tour_2turkey\" \/>\n<meta name=\"twitter:label1\" content=\"Gesch\u00e4tzte Lesezeit\" \/>\n\t<meta name=\"twitter:data1\" content=\"1\u00a0Minute\" \/>\n<script type=\"application\/ld+json\" class=\"yoast-schema-graph\">{\"@context\":\"https:\\\/\\\/schema.org\",\"@graph\":[{\"@type\":\"WebPage\",\"@id\":\"https:\\\/\\\/tour2turkey.com\\\/de\\\/allgemeine-geschaeftsbedingungen\\\/\",\"url\":\"https:\\\/\\\/tour2turkey.com\\\/de\\\/allgemeine-geschaeftsbedingungen\\\/\",\"name\":\"Nutzungsbedingungen | Tour2Turkey \u2013 Rechtliche Hinweise & Bedingungen\",\"isPartOf\":{\"@id\":\"https:\\\/\\\/tour2turkey.com\\\/#website\"},\"datePublished\":\"2025-12-12T11:09:26+00:00\",\"dateModified\":\"2026-04-03T05:29:27+00:00\",\"description\":\"Nutzungsbedingungen | Tour2Turkey \u2013 Rechtliche Hinweise & Bedingungen\",\"breadcrumb\":{\"@id\":\"https:\\\/\\\/tour2turkey.com\\\/de\\\/allgemeine-geschaeftsbedingungen\\\/#breadcrumb\"},\"inLanguage\":\"de\",\"potentialAction\":[{\"@type\":\"ReadAction\",\"target\":[\"https:\\\/\\\/tour2turkey.com\\\/de\\\/allgemeine-geschaeftsbedingungen\\\/\"]}]},{\"@type\":\"BreadcrumbList\",\"@id\":\"https:\\\/\\\/tour2turkey.com\\\/de\\\/allgemeine-geschaeftsbedingungen\\\/#breadcrumb\",\"itemListElement\":[{\"@type\":\"ListItem\",\"position\":1,\"name\":\"Startseite\",\"item\":\"https:\\\/\\\/tour2turkey.com\\\/de\\\/\"},{\"@type\":\"ListItem\",\"position\":2,\"name\":\"Allgemeine Gesch\u00e4ftsbedingungen\"}]},{\"@type\":\"WebSite\",\"@id\":\"https:\\\/\\\/tour2turkey.com\\\/#website\",\"url\":\"https:\\\/\\\/tour2turkey.com\\\/\",\"name\":\"tour2turkey.com - \u0433\u0438\u0434 \u0432 \u043c\u043e\u0440\u0435 \u043f\u0440\u0438\u043a\u043b\u044e\u0447\u0435\u043d\u0438\u0439\",\"description\":\"Ausfl\u00fcge\",\"publisher\":{\"@id\":\"https:\\\/\\\/tour2turkey.com\\\/#organization\"},\"potentialAction\":[{\"@type\":\"SearchAction\",\"target\":{\"@type\":\"EntryPoint\",\"urlTemplate\":\"https:\\\/\\\/tour2turkey.com\\\/?s={search_term_string}\"},\"query-input\":{\"@type\":\"PropertyValueSpecification\",\"valueRequired\":true,\"valueName\":\"search_term_string\"}}],\"inLanguage\":\"de\"},{\"@type\":\"Organization\",\"@id\":\"https:\\\/\\\/tour2turkey.com\\\/#organization\",\"name\":\"tour2turkey.com\",\"url\":\"https:\\\/\\\/tour2turkey.com\\\/\",\"logo\":{\"@type\":\"ImageObject\",\"inLanguage\":\"de\",\"@id\":\"https:\\\/\\\/tour2turkey.com\\\/#\\\/schema\\\/logo\\\/image\\\/\",\"url\":\"https:\\\/\\\/tour2turkey.com\\\/wp-content\\\/uploads\\\/2026\\\/02\\\/logosmall.png\",\"contentUrl\":\"https:\\\/\\\/tour2turkey.com\\\/wp-content\\\/uploads\\\/2026\\\/02\\\/logosmall.png\",\"width\":174,\"height\":157,\"caption\":\"tour2turkey.com\"},\"image\":{\"@id\":\"https:\\\/\\\/tour2turkey.com\\\/#\\\/schema\\\/logo\\\/image\\\/\"},\"sameAs\":[\"https:\\\/\\\/www.facebook.com\\\/profile.php?id=100087532633860\",\"https:\\\/\\\/x.com\\\/tour_2turkey\",\"https:\\\/\\\/www.instagram.com\\\/tour_2turkey\\\/\",\"https:\\\/\\\/vk.com\\\/fidelisru\",\"https:\\\/\\\/www.tiktok.com\\\/@tour_2turkey\",\"https:\\\/\\\/www.linkedin.com\\\/feed\\\/\",\"https:\\\/\\\/www.youtube.com\\\/@tour2turkey\",\"https:\\\/\\\/tr.pinterest.com\\\/tour2turkiye\\\/\"]}]}<\/script>\n<!-- \/ Yoast SEO plugin. -->","yoast_head_json":{"title":"Nutzungsbedingungen | Tour2Turkey \u2013 Rechtliche Hinweise & Bedingungen","description":"Nutzungsbedingungen | Tour2Turkey \u2013 Rechtliche Hinweise & Bedingungen","robots":{"index":"index","follow":"follow","max-snippet":"max-snippet:-1","max-image-preview":"max-image-preview:large","max-video-preview":"max-video-preview:-1"},"canonical":"https:\/\/tour2turkey.com\/de\/allgemeine-geschaeftsbedingungen\/","og_locale":"de_DE","og_type":"article","og_title":"Nutzungsbedingungen | Tour2Turkey \u2013 Rechtliche Hinweise & Bedingungen","og_description":"Nutzungsbedingungen | Tour2Turkey \u2013 Rechtliche Hinweise & Bedingungen","og_url":"https:\/\/tour2turkey.com\/de\/allgemeine-geschaeftsbedingungen\/","og_site_name":"tour2turkey.com","article_publisher":"https:\/\/www.facebook.com\/profile.php?id=100087532633860","article_modified_time":"2026-04-03T05:29:27+00:00","twitter_card":"summary_large_image","twitter_site":"@tour_2turkey","twitter_misc":{"Gesch\u00e4tzte Lesezeit":"1\u00a0Minute"},"schema":{"@context":"https:\/\/schema.org","@graph":[{"@type":"WebPage","@id":"https:\/\/tour2turkey.com\/de\/allgemeine-geschaeftsbedingungen\/","url":"https:\/\/tour2turkey.com\/de\/allgemeine-geschaeftsbedingungen\/","name":"Nutzungsbedingungen | Tour2Turkey \u2013 Rechtliche Hinweise & Bedingungen","isPartOf":{"@id":"https:\/\/tour2turkey.com\/#website"},"datePublished":"2025-12-12T11:09:26+00:00","dateModified":"2026-04-03T05:29:27+00:00","description":"Nutzungsbedingungen | Tour2Turkey \u2013 Rechtliche Hinweise & Bedingungen","breadcrumb":{"@id":"https:\/\/tour2turkey.com\/de\/allgemeine-geschaeftsbedingungen\/#breadcrumb"},"inLanguage":"de","potentialAction":[{"@type":"ReadAction","target":["https:\/\/tour2turkey.com\/de\/allgemeine-geschaeftsbedingungen\/"]}]},{"@type":"BreadcrumbList","@id":"https:\/\/tour2turkey.com\/de\/allgemeine-geschaeftsbedingungen\/#breadcrumb","itemListElement":[{"@type":"ListItem","position":1,"name":"Startseite","item":"https:\/\/tour2turkey.com\/de\/"},{"@type":"ListItem","position":2,"name":"Allgemeine Gesch\u00e4ftsbedingungen"}]},{"@type":"WebSite","@id":"https:\/\/tour2turkey.com\/#website","url":"https:\/\/tour2turkey.com\/","name":"tour2turkey.com - \u0433\u0438\u0434 \u0432 \u043c\u043e\u0440\u0435 \u043f\u0440\u0438\u043a\u043b\u044e\u0447\u0435\u043d\u0438\u0439","description":"Ausfl\u00fcge","publisher":{"@id":"https:\/\/tour2turkey.com\/#organization"},"potentialAction":[{"@type":"SearchAction","target":{"@type":"EntryPoint","urlTemplate":"https:\/\/tour2turkey.com\/?s={search_term_string}"},"query-input":{"@type":"PropertyValueSpecification","valueRequired":true,"valueName":"search_term_string"}}],"inLanguage":"de"},{"@type":"Organization","@id":"https:\/\/tour2turkey.com\/#organization","name":"tour2turkey.com","url":"https:\/\/tour2turkey.com\/","logo":{"@type":"ImageObject","inLanguage":"de","@id":"https:\/\/tour2turkey.com\/#\/schema\/logo\/image\/","url":"https:\/\/tour2turkey.com\/wp-content\/uploads\/2026\/02\/logosmall.png","contentUrl":"https:\/\/tour2turkey.com\/wp-content\/uploads\/2026\/02\/logosmall.png","width":174,"height":157,"caption":"tour2turkey.com"},"image":{"@id":"https:\/\/tour2turkey.com\/#\/schema\/logo\/image\/"},"sameAs":["https:\/\/www.facebook.com\/profile.php?id=100087532633860","https:\/\/x.com\/tour_2turkey","https:\/\/www.instagram.com\/tour_2turkey\/","https:\/\/vk.com\/fidelisru","https:\/\/www.tiktok.com\/@tour_2turkey","https:\/\/www.linkedin.com\/feed\/","https:\/\/www.youtube.com\/@tour2turkey","https:\/\/tr.pinterest.com\/tour2turkiye\/"]}]}},"_links":{"self":[{"href":"https:\/\/tour2turkey.com\/de\/wp-json\/wp\/v2\/pages\/3452","targetHints":{"allow":["GET"]}}],"collection":[{"href":"https:\/\/tour2turkey.com\/de\/wp-json\/wp\/v2\/pages"}],"about":[{"href":"https:\/\/tour2turkey.com\/de\/wp-json\/wp\/v2\/types\/page"}],"author":[{"embeddable":true,"href":"https:\/\/tour2turkey.com\/de\/wp-json\/wp\/v2\/users\/3"}],"replies":[{"embeddable":true,"href":"https:\/\/tour2turkey.com\/de\/wp-json\/wp\/v2\/comments?post=3452"}],"version-history":[{"count":4,"href":"https:\/\/tour2turkey.com\/de\/wp-json\/wp\/v2\/pages\/3452\/revisions"}],"predecessor-version":[{"id":4545,"href":"https:\/\/tour2turkey.com\/de\/wp-json\/wp\/v2\/pages\/3452\/revisions\/4545"}],"wp:attachment":[{"href":"https:\/\/tour2turkey.com\/de\/wp-json\/wp\/v2\/media?parent=3452"}],"curies":[{"name":"wp","href":"https:\/\/api.w.org\/{rel}","templated":true}]}}