{"id":3444,"date":"2025-12-12T11:07:41","date_gmt":"2025-12-12T11:07:41","guid":{"rendered":"https:\/\/tour2turkey.com\/about\/"},"modified":"2026-04-03T05:42:42","modified_gmt":"2026-04-03T05:42:42","slug":"ueber-uns","status":"publish","type":"page","link":"https:\/\/tour2turkey.com\/de\/ueber-uns\/","title":{"rendered":"\u00dcber uns"},"content":{"rendered":"<h3>Ausfl\u00fcge in Alanya<\/h3>\n<p>Sehr geehrte G\u00e4ste! Wir laden Sie zu F\u00fchrungen durch Alanya mit der vom t\u00fcrkischen Tourismusministerium ausgestellten Lizenz Nr.18277 ein. Wir sind auch offizieller Partner der Versicherungsgesellschaft Alliance Insurance.<\/p>\n<p>Zus\u00e4tzliche touristische Dienstleistungen<br \/>\nZus\u00e4tzlich zu den Ausflugsprogrammen bietet Alanya Tours sichere Flughafentransfers, Yachtvermietung und die Organisation individueller Touren durch Alanya an<br \/>\nund die Umgebung.Genie\u00dfen Sie Ihren Urlaub mit unsund haben Sie eine zuverl\u00e4ssige Firma f\u00fcr Ausfl\u00fcge in Alanya? Sie sind an der richtigen Adresse! Schauen Sie sich unsere Website an<br \/>\nund w\u00e4hlen Sie, was f\u00fcr Sie richtig ist. Kontaktieren Sie uns f\u00fcr weitere Informationen.<\/p>\n","protected":false},"excerpt":{"rendered":"<p>Ausfl\u00fcge in Alanya Sehr geehrte G\u00e4ste! Wir laden Sie zu F\u00fchrungen durch Alanya mit der vom t\u00fcrkischen Tourismusministerium ausgestellten Lizenz Nr.18277 ein. Wir sind auch offizieller Partner der Versicherungsgesellschaft Alliance Insurance. Zus\u00e4tzliche touristische Dienstleistungen Zus\u00e4tzlich zu den Ausflugsprogrammen bietet Alanya Tours sichere Flughafentransfers, Yachtvermietung und die Organisation individueller Touren durch Alanya an und die Umgebung.Genie\u00dfen [&hellip;]<\/p>\n","protected":false},"author":3,"featured_media":0,"parent":0,"menu_order":0,"comment_status":"closed","ping_status":"closed","template":"page-about.php","meta":{"_acf_changed":false,"footnotes":""},"class_list":["post-3444","page","type-page","status-publish","hentry"],"acf":[],"yoast_head":"<!-- This site is optimized with the Yoast SEO plugin v27.5 - https:\/\/yoast.com\/product\/yoast-seo-wordpress\/ -->\n<title>\u00dcber uns | Tour2Turkey \u2013 Lizenzierte Ausfl\u00fcge in Alanya<\/title>\n<meta name=\"description\" content=\"Erfahren Sie mehr \u00fcber Tour2Turkey \u2013 lizenzierter Reiseveranstalter in Alanya. Sichere Ausfl\u00fcge, Transfers, Versicherung und professionelle Organisation.\" \/>\n<meta name=\"robots\" content=\"index, follow, max-snippet:-1, max-image-preview:large, max-video-preview:-1\" \/>\n<link rel=\"canonical\" href=\"https:\/\/tour2turkey.com\/de\/ueber-uns\/\" \/>\n<meta property=\"og:locale\" content=\"de_DE\" \/>\n<meta property=\"og:type\" content=\"article\" \/>\n<meta property=\"og:title\" content=\"\u00dcber uns | Tour2Turkey \u2013 Lizenzierte Ausfl\u00fcge in Alanya\" \/>\n<meta property=\"og:description\" content=\"Erfahren Sie mehr \u00fcber Tour2Turkey \u2013 lizenzierter Reiseveranstalter in Alanya. Sichere Ausfl\u00fcge, Transfers, Versicherung und professionelle Organisation.\" \/>\n<meta property=\"og:url\" content=\"https:\/\/tour2turkey.com\/de\/ueber-uns\/\" \/>\n<meta property=\"og:site_name\" content=\"tour2turkey.com\" \/>\n<meta property=\"article:publisher\" content=\"https:\/\/www.facebook.com\/profile.php?id=100087532633860\" \/>\n<meta property=\"article:modified_time\" content=\"2026-04-03T05:42:42+00:00\" \/>\n<meta name=\"twitter:card\" content=\"summary_large_image\" \/>\n<meta name=\"twitter:site\" content=\"@tour_2turkey\" \/>\n<meta name=\"twitter:label1\" content=\"Gesch\u00e4tzte Lesezeit\" \/>\n\t<meta name=\"twitter:data1\" content=\"1\u00a0Minute\" \/>\n<script type=\"application\/ld+json\" class=\"yoast-schema-graph\">{\"@context\":\"https:\\\/\\\/schema.org\",\"@graph\":[{\"@type\":\"WebPage\",\"@id\":\"https:\\\/\\\/tour2turkey.com\\\/de\\\/ueber-uns\\\/\",\"url\":\"https:\\\/\\\/tour2turkey.com\\\/de\\\/ueber-uns\\\/\",\"name\":\"\u00dcber uns | Tour2Turkey \u2013 Lizenzierte Ausfl\u00fcge in Alanya\",\"isPartOf\":{\"@id\":\"https:\\\/\\\/tour2turkey.com\\\/#website\"},\"datePublished\":\"2025-12-12T11:07:41+00:00\",\"dateModified\":\"2026-04-03T05:42:42+00:00\",\"description\":\"Erfahren Sie mehr \u00fcber Tour2Turkey \u2013 lizenzierter Reiseveranstalter in Alanya. Sichere Ausfl\u00fcge, Transfers, Versicherung und professionelle Organisation.\",\"breadcrumb\":{\"@id\":\"https:\\\/\\\/tour2turkey.com\\\/de\\\/ueber-uns\\\/#breadcrumb\"},\"inLanguage\":\"de\",\"potentialAction\":[{\"@type\":\"ReadAction\",\"target\":[\"https:\\\/\\\/tour2turkey.com\\\/de\\\/ueber-uns\\\/\"]}]},{\"@type\":\"BreadcrumbList\",\"@id\":\"https:\\\/\\\/tour2turkey.com\\\/de\\\/ueber-uns\\\/#breadcrumb\",\"itemListElement\":[{\"@type\":\"ListItem\",\"position\":1,\"name\":\"Startseite\",\"item\":\"https:\\\/\\\/tour2turkey.com\\\/de\\\/\"},{\"@type\":\"ListItem\",\"position\":2,\"name\":\"\u00dcber uns\"}]},{\"@type\":\"WebSite\",\"@id\":\"https:\\\/\\\/tour2turkey.com\\\/#website\",\"url\":\"https:\\\/\\\/tour2turkey.com\\\/\",\"name\":\"tour2turkey.com - \u0433\u0438\u0434 \u0432 \u043c\u043e\u0440\u0435 \u043f\u0440\u0438\u043a\u043b\u044e\u0447\u0435\u043d\u0438\u0439\",\"description\":\"Ausfl\u00fcge\",\"publisher\":{\"@id\":\"https:\\\/\\\/tour2turkey.com\\\/#organization\"},\"potentialAction\":[{\"@type\":\"SearchAction\",\"target\":{\"@type\":\"EntryPoint\",\"urlTemplate\":\"https:\\\/\\\/tour2turkey.com\\\/?s={search_term_string}\"},\"query-input\":{\"@type\":\"PropertyValueSpecification\",\"valueRequired\":true,\"valueName\":\"search_term_string\"}}],\"inLanguage\":\"de\"},{\"@type\":\"Organization\",\"@id\":\"https:\\\/\\\/tour2turkey.com\\\/#organization\",\"name\":\"tour2turkey.com\",\"url\":\"https:\\\/\\\/tour2turkey.com\\\/\",\"logo\":{\"@type\":\"ImageObject\",\"inLanguage\":\"de\",\"@id\":\"https:\\\/\\\/tour2turkey.com\\\/#\\\/schema\\\/logo\\\/image\\\/\",\"url\":\"https:\\\/\\\/tour2turkey.com\\\/wp-content\\\/uploads\\\/2026\\\/02\\\/logosmall.png\",\"contentUrl\":\"https:\\\/\\\/tour2turkey.com\\\/wp-content\\\/uploads\\\/2026\\\/02\\\/logosmall.png\",\"width\":174,\"height\":157,\"caption\":\"tour2turkey.com\"},\"image\":{\"@id\":\"https:\\\/\\\/tour2turkey.com\\\/#\\\/schema\\\/logo\\\/image\\\/\"},\"sameAs\":[\"https:\\\/\\\/www.facebook.com\\\/profile.php?id=100087532633860\",\"https:\\\/\\\/x.com\\\/tour_2turkey\",\"https:\\\/\\\/www.instagram.com\\\/tour_2turkey\\\/\",\"https:\\\/\\\/vk.com\\\/fidelisru\",\"https:\\\/\\\/www.tiktok.com\\\/@tour_2turkey\",\"https:\\\/\\\/www.linkedin.com\\\/feed\\\/\",\"https:\\\/\\\/www.youtube.com\\\/@tour2turkey\",\"https:\\\/\\\/tr.pinterest.com\\\/tour2turkiye\\\/\"]}]}<\/script>\n<!-- \/ Yoast SEO plugin. -->","yoast_head_json":{"title":"\u00dcber uns | Tour2Turkey \u2013 Lizenzierte Ausfl\u00fcge in Alanya","description":"Erfahren Sie mehr \u00fcber Tour2Turkey \u2013 lizenzierter Reiseveranstalter in Alanya. Sichere Ausfl\u00fcge, Transfers, Versicherung und professionelle Organisation.","robots":{"index":"index","follow":"follow","max-snippet":"max-snippet:-1","max-image-preview":"max-image-preview:large","max-video-preview":"max-video-preview:-1"},"canonical":"https:\/\/tour2turkey.com\/de\/ueber-uns\/","og_locale":"de_DE","og_type":"article","og_title":"\u00dcber uns | Tour2Turkey \u2013 Lizenzierte Ausfl\u00fcge in Alanya","og_description":"Erfahren Sie mehr \u00fcber Tour2Turkey \u2013 lizenzierter Reiseveranstalter in Alanya. Sichere Ausfl\u00fcge, Transfers, Versicherung und professionelle Organisation.","og_url":"https:\/\/tour2turkey.com\/de\/ueber-uns\/","og_site_name":"tour2turkey.com","article_publisher":"https:\/\/www.facebook.com\/profile.php?id=100087532633860","article_modified_time":"2026-04-03T05:42:42+00:00","twitter_card":"summary_large_image","twitter_site":"@tour_2turkey","twitter_misc":{"Gesch\u00e4tzte Lesezeit":"1\u00a0Minute"},"schema":{"@context":"https:\/\/schema.org","@graph":[{"@type":"WebPage","@id":"https:\/\/tour2turkey.com\/de\/ueber-uns\/","url":"https:\/\/tour2turkey.com\/de\/ueber-uns\/","name":"\u00dcber uns | Tour2Turkey \u2013 Lizenzierte Ausfl\u00fcge in Alanya","isPartOf":{"@id":"https:\/\/tour2turkey.com\/#website"},"datePublished":"2025-12-12T11:07:41+00:00","dateModified":"2026-04-03T05:42:42+00:00","description":"Erfahren Sie mehr \u00fcber Tour2Turkey \u2013 lizenzierter Reiseveranstalter in Alanya. Sichere Ausfl\u00fcge, Transfers, Versicherung und professionelle Organisation.","breadcrumb":{"@id":"https:\/\/tour2turkey.com\/de\/ueber-uns\/#breadcrumb"},"inLanguage":"de","potentialAction":[{"@type":"ReadAction","target":["https:\/\/tour2turkey.com\/de\/ueber-uns\/"]}]},{"@type":"BreadcrumbList","@id":"https:\/\/tour2turkey.com\/de\/ueber-uns\/#breadcrumb","itemListElement":[{"@type":"ListItem","position":1,"name":"Startseite","item":"https:\/\/tour2turkey.com\/de\/"},{"@type":"ListItem","position":2,"name":"\u00dcber uns"}]},{"@type":"WebSite","@id":"https:\/\/tour2turkey.com\/#website","url":"https:\/\/tour2turkey.com\/","name":"tour2turkey.com - \u0433\u0438\u0434 \u0432 \u043c\u043e\u0440\u0435 \u043f\u0440\u0438\u043a\u043b\u044e\u0447\u0435\u043d\u0438\u0439","description":"Ausfl\u00fcge","publisher":{"@id":"https:\/\/tour2turkey.com\/#organization"},"potentialAction":[{"@type":"SearchAction","target":{"@type":"EntryPoint","urlTemplate":"https:\/\/tour2turkey.com\/?s={search_term_string}"},"query-input":{"@type":"PropertyValueSpecification","valueRequired":true,"valueName":"search_term_string"}}],"inLanguage":"de"},{"@type":"Organization","@id":"https:\/\/tour2turkey.com\/#organization","name":"tour2turkey.com","url":"https:\/\/tour2turkey.com\/","logo":{"@type":"ImageObject","inLanguage":"de","@id":"https:\/\/tour2turkey.com\/#\/schema\/logo\/image\/","url":"https:\/\/tour2turkey.com\/wp-content\/uploads\/2026\/02\/logosmall.png","contentUrl":"https:\/\/tour2turkey.com\/wp-content\/uploads\/2026\/02\/logosmall.png","width":174,"height":157,"caption":"tour2turkey.com"},"image":{"@id":"https:\/\/tour2turkey.com\/#\/schema\/logo\/image\/"},"sameAs":["https:\/\/www.facebook.com\/profile.php?id=100087532633860","https:\/\/x.com\/tour_2turkey","https:\/\/www.instagram.com\/tour_2turkey\/","https:\/\/vk.com\/fidelisru","https:\/\/www.tiktok.com\/@tour_2turkey","https:\/\/www.linkedin.com\/feed\/","https:\/\/www.youtube.com\/@tour2turkey","https:\/\/tr.pinterest.com\/tour2turkiye\/"]}]}},"_links":{"self":[{"href":"https:\/\/tour2turkey.com\/de\/wp-json\/wp\/v2\/pages\/3444","targetHints":{"allow":["GET"]}}],"collection":[{"href":"https:\/\/tour2turkey.com\/de\/wp-json\/wp\/v2\/pages"}],"about":[{"href":"https:\/\/tour2turkey.com\/de\/wp-json\/wp\/v2\/types\/page"}],"author":[{"embeddable":true,"href":"https:\/\/tour2turkey.com\/de\/wp-json\/wp\/v2\/users\/3"}],"replies":[{"embeddable":true,"href":"https:\/\/tour2turkey.com\/de\/wp-json\/wp\/v2\/comments?post=3444"}],"version-history":[{"count":3,"href":"https:\/\/tour2turkey.com\/de\/wp-json\/wp\/v2\/pages\/3444\/revisions"}],"predecessor-version":[{"id":4549,"href":"https:\/\/tour2turkey.com\/de\/wp-json\/wp\/v2\/pages\/3444\/revisions\/4549"}],"wp:attachment":[{"href":"https:\/\/tour2turkey.com\/de\/wp-json\/wp\/v2\/media?parent=3444"}],"curies":[{"name":"wp","href":"https:\/\/api.w.org\/{rel}","templated":true}]}}